{"id":1449,"date":"2010-11-09T09:39:39","date_gmt":"2010-11-09T07:39:39","guid":{"rendered":"http:\/\/www.hanshafner.de\/wordpress\/"},"modified":"2018-05-19T17:21:03","modified_gmt":"2018-05-19T15:21:03","slug":"newsletter-signup","status":"publish","type":"page","link":"https:\/\/www.hanshafner.de\/blog\/newsletter-signup\/","title":{"rendered":"Newsletter signup"},"content":{"rendered":"<p>Hier k\u00f6nnt Ihr Euch f\u00fcr meinen Newsletter eintragen.<\/p>\n<p>Ich versende ca. 4 Mal pro Jahr Mails, au\u00dfer es gibt eine besondere Aktion, dann auch mal zwischendrin!<\/p>\n<p>Der Newsletter wird \u00fcber <a href=\"https:\/\/www.mailchimp.com\">Mailchimp<\/a> verwaltet. Die Daten werden mit niemandem geteilt.<\/p>\n<p><!-- Begin MailChimp Signup Form -->\n<link href=\"\/\/cdn-images.mailchimp.com\/embedcode\/classic-10_7.css\" rel=\"stylesheet\" type=\"text\/css\">\n<style type=\"text\/css\">\n\t#mc_embed_signup{background:#fff; clear:left; font:14px Helvetica,Arial,sans-serif; }\n\t\/* Add your own MailChimp form style overrides in your site stylesheet or in this style block.\n\t   We recommend moving this block and the preceding CSS link to the HEAD of your HTML file. *\/\n<\/style>\n<div id=\"mc_embed_signup\">\n<form action=\"https:\/\/hanshafner.us1.list-manage.com\/subscribe\/post?u=ecec7282f41870e1b95629265&amp;id=ac9e2b2695\" method=\"post\" id=\"mc-embedded-subscribe-form\" name=\"mc-embedded-subscribe-form\" class=\"validate\" target=\"_blank\" novalidate>\n<div id=\"mc_embed_signup_scroll\">\n<h2>Subscribe to our mailing list<\/h2>\n<div class=\"indicates-required\"><span class=\"asterisk\">*<\/span> indicates required<\/div>\n<div class=\"mc-field-group\">\n\t<label for=\"mce-EMAIL\">Email Address  <span class=\"asterisk\">*<\/span><br \/>\n<\/label><br \/>\n\t<input type=\"email\" value=\"\" name=\"EMAIL\" class=\"required email\" id=\"mce-EMAIL\">\n<\/div>\n<div class=\"mc-field-group\">\n\t<label for=\"mce-FNAME\">First Name (optional) <\/label><br \/>\n\t<input type=\"text\" value=\"\" name=\"FNAME\" class=\"\" id=\"mce-FNAME\">\n<\/div>\n<div class=\"mc-field-group\">\n\t<label for=\"mce-LNAME\">Last Name (optional) <\/label><br \/>\n\t<input type=\"text\" value=\"\" name=\"LNAME\" class=\"\" id=\"mce-LNAME\">\n<\/div>\n<div class=\"mc-field-group input-group\">\n    <strong>Email Format <\/strong><\/p>\n<ul>\n<li><input type=\"radio\" value=\"html\" name=\"EMAILTYPE\" id=\"mce-EMAILTYPE-0\"><label for=\"mce-EMAILTYPE-0\">html<\/label><\/li>\n<li><input type=\"radio\" value=\"text\" name=\"EMAILTYPE\" id=\"mce-EMAILTYPE-1\"><label for=\"mce-EMAILTYPE-1\">text<\/label><\/li>\n<\/ul>\n<\/div>\n<div id=\"mce-responses\" class=\"clear\">\n<div class=\"response\" id=\"mce-error-response\" style=\"display:none\"><\/div>\n<div class=\"response\" id=\"mce-success-response\" style=\"display:none\"><\/div>\n<\/p><\/div>\n<p>    <!-- real people should not fill this in and expect good things - do not remove this or risk form bot signups--><\/p>\n<div style=\"position: absolute; left: -5000px;\" aria-hidden=\"true\"><input type=\"text\" name=\"b_ecec7282f41870e1b95629265_ac9e2b2695\" tabindex=\"-1\" value=\"\"><\/div>\n<div class=\"clear\"><input type=\"submit\" value=\"Subscribe\" name=\"subscribe\" id=\"mc-embedded-subscribe\" class=\"button\"><\/div>\n<\/p><\/div>\n<\/form>\n<\/div>\n<p><script type='text\/javascript' src='\/\/s3.amazonaws.com\/downloads.mailchimp.com\/js\/mc-validate.js'><\/script><script type='text\/javascript'>(function($) {window.fnames = new Array(); window.ftypes = new Array();fnames[0]='EMAIL';ftypes[0]='email';fnames[1]='FNAME';ftypes[1]='text';fnames[2]='LNAME';ftypes[2]='text';fnames[3]='ADDRESS';ftypes[3]='address';fnames[4]='PHONE';ftypes[4]='phone'; \/*\n * Translated default messages for the $ validation plugin.\n * Locale: DE\n *\/\n$.extend($.validator.messages, {\n\trequired: \"Dieses Feld ist ein Pflichtfeld.\",\n\tmaxlength: $.validator.format(\"Geben Sie bitte maximal {0} Zeichen ein.\"),\n\tminlength: $.validator.format(\"Geben Sie bitte mindestens {0} Zeichen ein.\"),\n\trangelength: $.validator.format(\"Geben Sie bitte mindestens {0} und maximal {1} Zeichen ein.\"),\n\temail: \"Geben Sie bitte eine g\u00fcltige E-Mail Adresse ein.\",\n\turl: \"Geben Sie bitte eine g\u00fcltige URL ein.\",\n\tdate: \"Bitte geben Sie ein g\u00fcltiges Datum ein.\",\n\tnumber: \"Geben Sie bitte eine Nummer ein.\",\n\tdigits: \"Geben Sie bitte nur Ziffern ein.\",\n\tequalTo: \"Bitte denselben Wert wiederholen.\",\n\trange: $.validator.format(\"Geben Sie bitten einen Wert zwischen {0} und {1}.\"),\n\tmax: $.validator.format(\"Geben Sie bitte einen Wert kleiner oder gleich {0} ein.\"),\n\tmin: $.validator.format(\"Geben Sie bitte einen Wert gr\u00f6\u00dfer oder gleich {0} ein.\"),\n\tcreditcard: \"Geben Sie bitte ein g\u00fcltige Kreditkarten-Nummer ein.\"\n});}(jQuery));var $mcj = jQuery.noConflict(true);<\/script><br \/>\n<!--End mc_embed_signup--><\/p>\n","protected":false},"excerpt":{"rendered":"<p>Hier k\u00f6nnt Ihr Euch f\u00fcr meinen Newsletter eintragen. Ich versende ca. 4 Mal pro Jahr Mails, au\u00dfer es gibt eine besondere Aktion, dann auch mal zwischendrin! Der Newsletter wird \u00fcber Mailchimp verwaltet. Die Daten werden mit niemandem geteilt. Subscribe to our mailing list * indicates required Email Address * First Name (optional) Last Name (optional) [&hellip;]<\/p>\n","protected":false},"author":2,"featured_media":0,"parent":0,"menu_order":0,"comment_status":"open","ping_status":"open","template":"","meta":{"footnotes":""},"class_list":["post-1449","page","type-page","status-publish","hentry"],"_links":{"self":[{"href":"https:\/\/www.hanshafner.de\/blog\/wp-json\/wp\/v2\/pages\/1449","targetHints":{"allow":["GET"]}}],"collection":[{"href":"https:\/\/www.hanshafner.de\/blog\/wp-json\/wp\/v2\/pages"}],"about":[{"href":"https:\/\/www.hanshafner.de\/blog\/wp-json\/wp\/v2\/types\/page"}],"author":[{"embeddable":true,"href":"https:\/\/www.hanshafner.de\/blog\/wp-json\/wp\/v2\/users\/2"}],"replies":[{"embeddable":true,"href":"https:\/\/www.hanshafner.de\/blog\/wp-json\/wp\/v2\/comments?post=1449"}],"version-history":[{"count":12,"href":"https:\/\/www.hanshafner.de\/blog\/wp-json\/wp\/v2\/pages\/1449\/revisions"}],"predecessor-version":[{"id":6091,"href":"https:\/\/www.hanshafner.de\/blog\/wp-json\/wp\/v2\/pages\/1449\/revisions\/6091"}],"wp:attachment":[{"href":"https:\/\/www.hanshafner.de\/blog\/wp-json\/wp\/v2\/media?parent=1449"}],"curies":[{"name":"wp","href":"https:\/\/api.w.org\/{rel}","templated":true}]}}